{"id":416,"date":"2015-11-26T22:45:22","date_gmt":"2015-11-27T03:45:22","guid":{"rendered":"https:\/\/na-rive-nord.org\/WP\/?product=porte-cles-porte-medaillon-en-stainless"},"modified":"2026-02-15T18:43:15","modified_gmt":"2026-02-15T23:43:15","slug":"porte-cles-porte-medaillon-en-stainless","status":"publish","type":"product","link":"https:\/\/na-rive-nord.org\/WP\/produit\/porte-cles-porte-medaillon-en-stainless\/","title":{"rendered":"PORTE-CL\u00c9S PORTE-M\u00c9DAILLON EN STAINLESS"},"content":{"rendered":"<p>PORTE-CL\u00c9S PORTE-M\u00c9DAILLON EN STAINLESS<\/p>\n","protected":false},"excerpt":{"rendered":"<p>PORTE-CL\u00c9S PORTE-M\u00c9DAILLON EN STAINLESS<\/p>\n","protected":false},"featured_media":417,"template":"","meta":[],"product_brand":[],"product_cat":[25],"product_tag":[],"class_list":{"0":"post-416","1":"product","2":"type-product","3":"status-publish","4":"has-post-thumbnail","6":"product_cat-porte-cles","8":"first","9":"instock","10":"purchasable","11":"product-type-simple"},"_links":{"self":[{"href":"https:\/\/na-rive-nord.org\/WP\/wp-json\/wp\/v2\/product\/416","targetHints":{"allow":["GET"]}}],"collection":[{"href":"https:\/\/na-rive-nord.org\/WP\/wp-json\/wp\/v2\/product"}],"about":[{"href":"https:\/\/na-rive-nord.org\/WP\/wp-json\/wp\/v2\/types\/product"}],"wp:featuredmedia":[{"embeddable":true,"href":"https:\/\/na-rive-nord.org\/WP\/wp-json\/wp\/v2\/media\/417"}],"wp:attachment":[{"href":"https:\/\/na-rive-nord.org\/WP\/wp-json\/wp\/v2\/media?parent=416"}],"wp:term":[{"taxonomy":"product_brand","embeddable":true,"href":"https:\/\/na-rive-nord.org\/WP\/wp-json\/wp\/v2\/product_brand?post=416"},{"taxonomy":"product_cat","embeddable":true,"href":"https:\/\/na-rive-nord.org\/WP\/wp-json\/wp\/v2\/product_cat?post=416"},{"taxonomy":"product_tag","embeddable":true,"href":"https:\/\/na-rive-nord.org\/WP\/wp-json\/wp\/v2\/product_tag?post=416"}],"curies":[{"name":"wp","href":"https:\/\/api.w.org\/{rel}","templated":true}]}}