{"id":377,"date":"2013-07-17T19:39:38","date_gmt":"2013-07-17T23:39:38","guid":{"rendered":"https:\/\/na-rive-nord.org\/WP\/?product=carte-plastifiee-priere-de-troisieme-etape"},"modified":"2026-03-31T19:19:21","modified_gmt":"2026-03-31T23:19:21","slug":"carte-plastifiee-priere-de-troisieme-etape","status":"publish","type":"product","link":"https:\/\/na-rive-nord.org\/WP\/produit\/carte-plastifiee-priere-de-troisieme-etape\/","title":{"rendered":"CARTE CARTONN\u00c9E \u00ab\u00a0PRIERE DE TROISIEME ETAPE\u00a0\u00bb 25\/pqt"},"content":{"rendered":"<blockquote><p><span style=\"font-family: Arial;font-size: 16px\">CARTE CARTONN\u00c9E \u00ab\u00a0PRI\u00c8RE DE TROISI\u00c8ME \u00c9TAPE\u00a0\u00bb\u00a0<\/span><\/p>\n<p>25\/paquet<\/p><\/blockquote>\n","protected":false},"excerpt":{"rendered":"<p>Q-053<\/p>\n","protected":false},"featured_media":378,"template":"","meta":[],"product_brand":[],"product_cat":[24],"product_tag":[],"class_list":{"0":"post-377","1":"product","2":"type-product","3":"status-publish","4":"has-post-thumbnail","6":"product_cat-textes-plastifies","8":"first","9":"instock","10":"purchasable","11":"product-type-simple"},"_links":{"self":[{"href":"https:\/\/na-rive-nord.org\/WP\/wp-json\/wp\/v2\/product\/377","targetHints":{"allow":["GET"]}}],"collection":[{"href":"https:\/\/na-rive-nord.org\/WP\/wp-json\/wp\/v2\/product"}],"about":[{"href":"https:\/\/na-rive-nord.org\/WP\/wp-json\/wp\/v2\/types\/product"}],"wp:featuredmedia":[{"embeddable":true,"href":"https:\/\/na-rive-nord.org\/WP\/wp-json\/wp\/v2\/media\/378"}],"wp:attachment":[{"href":"https:\/\/na-rive-nord.org\/WP\/wp-json\/wp\/v2\/media?parent=377"}],"wp:term":[{"taxonomy":"product_brand","embeddable":true,"href":"https:\/\/na-rive-nord.org\/WP\/wp-json\/wp\/v2\/product_brand?post=377"},{"taxonomy":"product_cat","embeddable":true,"href":"https:\/\/na-rive-nord.org\/WP\/wp-json\/wp\/v2\/product_cat?post=377"},{"taxonomy":"product_tag","embeddable":true,"href":"https:\/\/na-rive-nord.org\/WP\/wp-json\/wp\/v2\/product_tag?post=377"}],"curies":[{"name":"wp","href":"https:\/\/api.w.org\/{rel}","templated":true}]}}