{"id":350,"date":"2011-12-17T00:38:52","date_gmt":"2011-12-17T05:38:52","guid":{"rendered":"https:\/\/na-rive-nord.org\/WP\/?product=porte-cles-porte-medaillon-en-laiton-fait-au-qc"},"modified":"2026-04-09T18:48:21","modified_gmt":"2026-04-09T22:48:21","slug":"porte-cles-porte-medaillon-en-laiton-fait-au-qc","status":"publish","type":"product","link":"https:\/\/na-rive-nord.org\/WP\/produit\/porte-cles-porte-medaillon-en-laiton-fait-au-qc\/","title":{"rendered":"PORTE-CL\u00c9S PORTE-M\u00c9DAILLON EN LAITON &#8211; FAIT AU QC"},"content":{"rendered":"<p>PORTE-CL\u00c9S PORTE-M\u00c9DAILLON EN LAITON &#8211; FAIT AU QC<\/p>\n","protected":false},"excerpt":{"rendered":"<p>Q-6090<\/p>\n","protected":false},"featured_media":351,"template":"","meta":[],"product_brand":[],"product_cat":[25],"product_tag":[],"class_list":{"0":"post-350","1":"product","2":"type-product","3":"status-publish","4":"has-post-thumbnail","6":"product_cat-porte-cles","8":"first","9":"instock","10":"purchasable","11":"product-type-simple"},"_links":{"self":[{"href":"https:\/\/na-rive-nord.org\/WP\/wp-json\/wp\/v2\/product\/350","targetHints":{"allow":["GET"]}}],"collection":[{"href":"https:\/\/na-rive-nord.org\/WP\/wp-json\/wp\/v2\/product"}],"about":[{"href":"https:\/\/na-rive-nord.org\/WP\/wp-json\/wp\/v2\/types\/product"}],"wp:featuredmedia":[{"embeddable":true,"href":"https:\/\/na-rive-nord.org\/WP\/wp-json\/wp\/v2\/media\/351"}],"wp:attachment":[{"href":"https:\/\/na-rive-nord.org\/WP\/wp-json\/wp\/v2\/media?parent=350"}],"wp:term":[{"taxonomy":"product_brand","embeddable":true,"href":"https:\/\/na-rive-nord.org\/WP\/wp-json\/wp\/v2\/product_brand?post=350"},{"taxonomy":"product_cat","embeddable":true,"href":"https:\/\/na-rive-nord.org\/WP\/wp-json\/wp\/v2\/product_cat?post=350"},{"taxonomy":"product_tag","embeddable":true,"href":"https:\/\/na-rive-nord.org\/WP\/wp-json\/wp\/v2\/product_tag?post=350"}],"curies":[{"name":"wp","href":"https:\/\/api.w.org\/{rel}","templated":true}]}}