{"id":347,"date":"2011-12-17T00:38:52","date_gmt":"2011-12-17T05:38:52","guid":{"rendered":"https:\/\/na-rive-nord.org\/WP\/?product=presentoir-en-metal-20-places"},"modified":"2026-02-15T18:48:00","modified_gmt":"2026-02-15T23:48:00","slug":"presentoir-en-metal-20-places","status":"publish","type":"product","link":"https:\/\/na-rive-nord.org\/WP\/produit\/presentoir-en-metal-20-places\/","title":{"rendered":"PR\u00c9SENTOIR EN M\u00c9TAL 20 PLACES"},"content":{"rendered":"<p>PR\u00c9SENTOIR EN M\u00c9TAL 20 PLACES<\/p>\n","protected":false},"excerpt":{"rendered":"<p>9055<\/p>\n","protected":false},"featured_media":348,"template":"","meta":[],"product_brand":[],"product_cat":[27],"product_tag":[],"class_list":{"0":"post-347","1":"product","2":"type-product","3":"status-publish","4":"has-post-thumbnail","6":"product_cat-autres-articles","8":"first","9":"onbackorder","10":"purchasable","11":"product-type-simple"},"_links":{"self":[{"href":"https:\/\/na-rive-nord.org\/WP\/wp-json\/wp\/v2\/product\/347","targetHints":{"allow":["GET"]}}],"collection":[{"href":"https:\/\/na-rive-nord.org\/WP\/wp-json\/wp\/v2\/product"}],"about":[{"href":"https:\/\/na-rive-nord.org\/WP\/wp-json\/wp\/v2\/types\/product"}],"wp:featuredmedia":[{"embeddable":true,"href":"https:\/\/na-rive-nord.org\/WP\/wp-json\/wp\/v2\/media\/348"}],"wp:attachment":[{"href":"https:\/\/na-rive-nord.org\/WP\/wp-json\/wp\/v2\/media?parent=347"}],"wp:term":[{"taxonomy":"product_brand","embeddable":true,"href":"https:\/\/na-rive-nord.org\/WP\/wp-json\/wp\/v2\/product_brand?post=347"},{"taxonomy":"product_cat","embeddable":true,"href":"https:\/\/na-rive-nord.org\/WP\/wp-json\/wp\/v2\/product_cat?post=347"},{"taxonomy":"product_tag","embeddable":true,"href":"https:\/\/na-rive-nord.org\/WP\/wp-json\/wp\/v2\/product_tag?post=347"}],"curies":[{"name":"wp","href":"https:\/\/api.w.org\/{rel}","templated":true}]}}