{"id":344,"date":"2011-12-17T00:38:52","date_gmt":"2011-12-17T05:38:52","guid":{"rendered":"https:\/\/na-rive-nord.org\/WP\/?product=presentoir-en-metal-16-places"},"modified":"2026-02-15T18:47:21","modified_gmt":"2026-02-15T23:47:21","slug":"presentoir-en-metal-16-places","status":"publish","type":"product","link":"https:\/\/na-rive-nord.org\/WP\/produit\/presentoir-en-metal-16-places\/","title":{"rendered":"PR\u00c9SENTOIR EN M\u00c9TAL 16 PLACES"},"content":{"rendered":"<p>PR\u00c9SENTOIR EN M\u00c9TAL 16 PLACES<\/p>\n","protected":false},"excerpt":{"rendered":"<p>9054<\/p>\n","protected":false},"featured_media":345,"template":"","meta":[],"product_brand":[],"product_cat":[27],"product_tag":[],"class_list":{"0":"post-344","1":"product","2":"type-product","3":"status-publish","4":"has-post-thumbnail","6":"product_cat-autres-articles","8":"first","9":"onbackorder","10":"purchasable","11":"product-type-simple"},"_links":{"self":[{"href":"https:\/\/na-rive-nord.org\/WP\/wp-json\/wp\/v2\/product\/344","targetHints":{"allow":["GET"]}}],"collection":[{"href":"https:\/\/na-rive-nord.org\/WP\/wp-json\/wp\/v2\/product"}],"about":[{"href":"https:\/\/na-rive-nord.org\/WP\/wp-json\/wp\/v2\/types\/product"}],"wp:featuredmedia":[{"embeddable":true,"href":"https:\/\/na-rive-nord.org\/WP\/wp-json\/wp\/v2\/media\/345"}],"wp:attachment":[{"href":"https:\/\/na-rive-nord.org\/WP\/wp-json\/wp\/v2\/media?parent=344"}],"wp:term":[{"taxonomy":"product_brand","embeddable":true,"href":"https:\/\/na-rive-nord.org\/WP\/wp-json\/wp\/v2\/product_brand?post=344"},{"taxonomy":"product_cat","embeddable":true,"href":"https:\/\/na-rive-nord.org\/WP\/wp-json\/wp\/v2\/product_cat?post=344"},{"taxonomy":"product_tag","embeddable":true,"href":"https:\/\/na-rive-nord.org\/WP\/wp-json\/wp\/v2\/product_tag?post=344"}],"curies":[{"name":"wp","href":"https:\/\/api.w.org\/{rel}","templated":true}]}}