{"id":3145,"date":"2025-12-07T10:05:32","date_gmt":"2025-12-07T15:05:32","guid":{"rendered":"https:\/\/na-rive-nord.org\/WP\/?post_type=product&#038;p=3145"},"modified":"2026-02-15T18:51:59","modified_gmt":"2026-02-15T23:51:59","slug":"coffee-mug-basic","status":"publish","type":"product","link":"https:\/\/na-rive-nord.org\/WP\/produit\/coffee-mug-basic\/","title":{"rendered":"COFFEE MUG &#8211; BASIC"},"content":{"rendered":"<p>Tasse \u00e0 caf\u00e9 con\u00e7ue sur le mod\u00e8le du Texte de Base<\/p>\n","protected":false},"excerpt":{"rendered":"<p>9415<\/p>\n<p>Tasse<\/p>\n","protected":false},"featured_media":3149,"template":"","meta":[],"product_brand":[],"product_cat":[27],"product_tag":[],"class_list":{"0":"post-3145","1":"product","2":"type-product","3":"status-publish","4":"has-post-thumbnail","6":"product_cat-autres-articles","8":"first","9":"instock","10":"shipping-taxable","11":"purchasable","12":"product-type-simple"},"_links":{"self":[{"href":"https:\/\/na-rive-nord.org\/WP\/wp-json\/wp\/v2\/product\/3145","targetHints":{"allow":["GET"]}}],"collection":[{"href":"https:\/\/na-rive-nord.org\/WP\/wp-json\/wp\/v2\/product"}],"about":[{"href":"https:\/\/na-rive-nord.org\/WP\/wp-json\/wp\/v2\/types\/product"}],"wp:featuredmedia":[{"embeddable":true,"href":"https:\/\/na-rive-nord.org\/WP\/wp-json\/wp\/v2\/media\/3149"}],"wp:attachment":[{"href":"https:\/\/na-rive-nord.org\/WP\/wp-json\/wp\/v2\/media?parent=3145"}],"wp:term":[{"taxonomy":"product_brand","embeddable":true,"href":"https:\/\/na-rive-nord.org\/WP\/wp-json\/wp\/v2\/product_brand?post=3145"},{"taxonomy":"product_cat","embeddable":true,"href":"https:\/\/na-rive-nord.org\/WP\/wp-json\/wp\/v2\/product_cat?post=3145"},{"taxonomy":"product_tag","embeddable":true,"href":"https:\/\/na-rive-nord.org\/WP\/wp-json\/wp\/v2\/product_tag?post=3145"}],"curies":[{"name":"wp","href":"https:\/\/api.w.org\/{rel}","templated":true}]}}