{"id":272,"date":"2011-12-17T00:38:52","date_gmt":"2011-12-17T05:38:52","guid":{"rendered":"https:\/\/na-rive-nord.org\/WP\/?product=affiche-priere-de-la-troisieme-etape-17-x-11"},"modified":"2024-10-29T18:50:10","modified_gmt":"2024-10-29T22:50:10","slug":"affiche-priere-de-la-troisieme-etape-17-x-11","status":"publish","type":"product","link":"https:\/\/na-rive-nord.org\/WP\/produit\/affiche-priere-de-la-troisieme-etape-17-x-11\/","title":{"rendered":"AFFICHE \u00ab\u00a0PRI\u00c8RE DE LA TROISI\u00c8ME \u00c9TAPE\u00a0\u00bb (17&Prime; x 11)"},"content":{"rendered":"<p>AFFICHE \u00ab\u00a0PRI\u00c8RE DE LA TROISI\u00c8ME \u00c9TAPE\u00a0\u00bb (17&Prime; x 11)<\/p>\n","protected":false},"excerpt":{"rendered":"<p>Q-027<\/p>\n","protected":false},"featured_media":273,"template":"","meta":[],"product_brand":[],"product_cat":[24],"product_tag":[],"class_list":{"0":"post-272","1":"product","2":"type-product","3":"status-publish","4":"has-post-thumbnail","6":"product_cat-textes-plastifies","8":"first","9":"instock","10":"purchasable","11":"product-type-simple"},"_links":{"self":[{"href":"https:\/\/na-rive-nord.org\/WP\/wp-json\/wp\/v2\/product\/272","targetHints":{"allow":["GET"]}}],"collection":[{"href":"https:\/\/na-rive-nord.org\/WP\/wp-json\/wp\/v2\/product"}],"about":[{"href":"https:\/\/na-rive-nord.org\/WP\/wp-json\/wp\/v2\/types\/product"}],"wp:featuredmedia":[{"embeddable":true,"href":"https:\/\/na-rive-nord.org\/WP\/wp-json\/wp\/v2\/media\/273"}],"wp:attachment":[{"href":"https:\/\/na-rive-nord.org\/WP\/wp-json\/wp\/v2\/media?parent=272"}],"wp:term":[{"taxonomy":"product_brand","embeddable":true,"href":"https:\/\/na-rive-nord.org\/WP\/wp-json\/wp\/v2\/product_brand?post=272"},{"taxonomy":"product_cat","embeddable":true,"href":"https:\/\/na-rive-nord.org\/WP\/wp-json\/wp\/v2\/product_cat?post=272"},{"taxonomy":"product_tag","embeddable":true,"href":"https:\/\/na-rive-nord.org\/WP\/wp-json\/wp\/v2\/product_tag?post=272"}],"curies":[{"name":"wp","href":"https:\/\/api.w.org\/{rel}","templated":true}]}}