{"id":270,"date":"2011-12-17T00:38:52","date_gmt":"2011-12-17T05:38:52","guid":{"rendered":"https:\/\/na-rive-nord.org\/WP\/?product=affiche-priere-de-la-serenite-17-x-11"},"modified":"2026-01-27T11:46:26","modified_gmt":"2026-01-27T16:46:26","slug":"affiche-priere-de-la-serenite-17-x-11","status":"publish","type":"product","link":"https:\/\/na-rive-nord.org\/WP\/produit\/affiche-priere-de-la-serenite-17-x-11\/","title":{"rendered":"AFFICHE \u00ab\u00a0PRI\u00c9RE DE LA S\u00c9R\u00c9NIT\u00c9\u00a0\u00bb (17&Prime; x 11&Prime;)"},"content":{"rendered":"<p>AFFICHE \u00ab\u00a0PRI\u00c9RE DE LA S\u00c9R\u00c9NIT\u00c9\u00a0\u00bb (17&Prime; x 11&Prime;)<\/p>\n","protected":false},"excerpt":{"rendered":"<p>Q-026<\/p>\n","protected":false},"featured_media":271,"template":"","meta":[],"product_brand":[],"product_cat":[24],"product_tag":[],"class_list":{"0":"post-270","1":"product","2":"type-product","3":"status-publish","4":"has-post-thumbnail","6":"product_cat-textes-plastifies","8":"first","9":"onbackorder","10":"purchasable","11":"product-type-simple"},"_links":{"self":[{"href":"https:\/\/na-rive-nord.org\/WP\/wp-json\/wp\/v2\/product\/270","targetHints":{"allow":["GET"]}}],"collection":[{"href":"https:\/\/na-rive-nord.org\/WP\/wp-json\/wp\/v2\/product"}],"about":[{"href":"https:\/\/na-rive-nord.org\/WP\/wp-json\/wp\/v2\/types\/product"}],"wp:featuredmedia":[{"embeddable":true,"href":"https:\/\/na-rive-nord.org\/WP\/wp-json\/wp\/v2\/media\/271"}],"wp:attachment":[{"href":"https:\/\/na-rive-nord.org\/WP\/wp-json\/wp\/v2\/media?parent=270"}],"wp:term":[{"taxonomy":"product_brand","embeddable":true,"href":"https:\/\/na-rive-nord.org\/WP\/wp-json\/wp\/v2\/product_brand?post=270"},{"taxonomy":"product_cat","embeddable":true,"href":"https:\/\/na-rive-nord.org\/WP\/wp-json\/wp\/v2\/product_cat?post=270"},{"taxonomy":"product_tag","embeddable":true,"href":"https:\/\/na-rive-nord.org\/WP\/wp-json\/wp\/v2\/product_tag?post=270"}],"curies":[{"name":"wp","href":"https:\/\/api.w.org\/{rel}","templated":true}]}}