{"id":1397,"date":"2020-01-17T16:24:27","date_gmt":"2020-01-17T21:24:27","guid":{"rendered":"https:\/\/na-rive-nord.org\/WP\/?product=affiche-priere-troisieme-etapes-23x35"},"modified":"2023-02-03T15:57:37","modified_gmt":"2023-02-03T20:57:37","slug":"affiche-priere-troisieme-etapes-23x35","status":"publish","type":"product","link":"https:\/\/na-rive-nord.org\/WP\/produit\/affiche-priere-troisieme-etapes-23x35\/","title":{"rendered":"AFFICHE \u00ab\u00a0PRI\u00c8RE TROISI\u00c8ME \u00c9TAPES\u00a0\u00bb (23&#215;35) (NON DISPONIBLE)"},"content":{"rendered":"<p>AFFICHE \u00ab\u00a0PRI\u00c8RE TROISI\u00c8ME \u00c9TAPES\u00a0\u00bb (23&#215;35)<\/p>\n","protected":false},"excerpt":{"rendered":"<p>FR-9075<\/p>\n","protected":false},"featured_media":1398,"template":"","meta":[],"product_brand":[],"product_cat":[121,24],"product_tag":[122],"class_list":{"0":"post-1397","1":"product","2":"type-product","3":"status-publish","4":"has-post-thumbnail","6":"product_cat-non-disponible","7":"product_cat-textes-plastifies","8":"product_tag-non-disponible","10":"first","11":"outofstock","12":"purchasable","13":"product-type-simple"},"_links":{"self":[{"href":"https:\/\/na-rive-nord.org\/WP\/wp-json\/wp\/v2\/product\/1397","targetHints":{"allow":["GET"]}}],"collection":[{"href":"https:\/\/na-rive-nord.org\/WP\/wp-json\/wp\/v2\/product"}],"about":[{"href":"https:\/\/na-rive-nord.org\/WP\/wp-json\/wp\/v2\/types\/product"}],"wp:featuredmedia":[{"embeddable":true,"href":"https:\/\/na-rive-nord.org\/WP\/wp-json\/wp\/v2\/media\/1398"}],"wp:attachment":[{"href":"https:\/\/na-rive-nord.org\/WP\/wp-json\/wp\/v2\/media?parent=1397"}],"wp:term":[{"taxonomy":"product_brand","embeddable":true,"href":"https:\/\/na-rive-nord.org\/WP\/wp-json\/wp\/v2\/product_brand?post=1397"},{"taxonomy":"product_cat","embeddable":true,"href":"https:\/\/na-rive-nord.org\/WP\/wp-json\/wp\/v2\/product_cat?post=1397"},{"taxonomy":"product_tag","embeddable":true,"href":"https:\/\/na-rive-nord.org\/WP\/wp-json\/wp\/v2\/product_tag?post=1397"}],"curies":[{"name":"wp","href":"https:\/\/api.w.org\/{rel}","templated":true}]}}